{"id":990,"date":"2020-06-05T07:39:00","date_gmt":"2020-06-05T07:39:00","guid":{"rendered":"https:\/\/farmolab.es\/privacy-policy\/"},"modified":"2020-06-05T07:39:01","modified_gmt":"2020-06-05T07:39:01","slug":"privacy-policy","status":"publish","type":"page","link":"https:\/\/farmolab.es\/en\/privacy-policy\/","title":{"rendered":"Privacy policy"},"content":{"rendered":"\n[et_pb_section fb_built=&#8221;1&#8243; _builder_version=&#8221;4.4.5&#8243;][et_pb_row _builder_version=&#8221;4.4.5&#8243;][et_pb_column _builder_version=&#8221;4.4.5&#8243; type=&#8221;4_4&#8243;][et_pb_text _builder_version=&#8221;4.4.5&#8243; hover_enabled=&#8221;0&#8243;]\t\t<h1>Pol\u00edtica de privacidad<\/h1>\r\n\r\n\r\n\r\n\t\t<h3>1. Responsable del tratamiento<\/h3>\r\n\r\n\t\t<p>El responsable del tratamiento de los datos del Usuario es la compa\u00f1\u00eda&nbsp;FARMOLAB, S.L. (en adelante \u2018\u2018FARMOLAB\u2019\u2019), AVDA. CATALU\u00d1A, 16, 5\u00aa \u2013 03540 ALICANTE, con C.I.F. B42500546, y correo Electr\u00f3nico: info@farmolab.com<\/p>\r\n\r\n\t\t<h3>2. Finalidad del tratamiento de los datos<\/h3>\r\n\r\n\t\t<p>El acceso por parte de FARMOLAB a los datos de car\u00e1cter personal contenidos en los ficheros de su titularidad se realizara\u0301 \u00fanica y exclusivamente con la finalidad de que FARMOLAB pueda atender las solicitudes del Usuario y poder mantenerle informado de los productos e informaci\u00f3n relativa a los mismos que FARMOLAB publicita.<\/p>\r\n\r\n\t\t<h4>2.1 Conservaci\u00f3n de los datos<\/h4>\r\n\r\n\t\t<p>Los&nbsp;datos&nbsp;personales&nbsp;proporcionados&nbsp;se&nbsp;conservar\u00e1n&nbsp;mientras&nbsp;no&nbsp;se&nbsp;solicite&nbsp;su supresi\u00f3n&nbsp;por&nbsp;el&nbsp;interesado o, en su caso, mientras se mantenga la relaci\u00f3n comercial entre las partes&nbsp;a&nbsp;partir&nbsp;de&nbsp;la&nbsp;\u00faltima&nbsp;confirmaci\u00f3n de inter\u00e9s del Usuario, en tales casos deber\u00e1n ser destruidos o devueltos al responsable del mismo; el mismo destino habr\u00e1\u0301 de darse a cualquier soporte o documentos en que conste alg\u00fan dato de car\u00e1cter personal objeto del tratamiento. Todo ello sin perjuicio que exista una previsi\u00f3n legal que exija la conservaci\u00f3n de ciertos datos o que \u00e9stos resultaran \u00fatiles en caso de reclamaci\u00f3n derivada de la prestaci\u00f3n de servicios pactada.<\/p>\r\n\r\n\t\t<h3>3. Legitimaci\u00f3n para el tratamiento de datos<\/h3>\r\n\r\n\t\t<p>La base legal del tratamiento de los datos del interesado es la relaci\u00f3n contractual por la que el usuario facilita los datos a FARMOLAB a cambio de recibir informaci\u00f3n sobre productos de su inter\u00e9s mediante acceso a la web de FARMOLAB o solicitud de informaci\u00f3n a FARMOLAB, o contestaci\u00f3n a cualesquiera de las ofertas laborales que ofrece FARMOLAB, a trav\u00e9s de su web, newsletter, blogs u otros medios o mediante prospecci\u00f3n comercial directa derivada del inter\u00e9s leg\u00edtimo nacido de la relaci\u00f3n contractual.<\/p>\r\n\r\n\t\t<h3>4. Destinatarios<\/h3>\r\n\r\n\t\t<p>El Usuario autoriza expresamente la cesi\u00f3n de sus datos a empresas del grupo o a empresas que gestionan aspectos como su contabilidad y facturaci\u00f3n y cuando haya una obligaci\u00f3n legal para hacerlo, ya que FARMOLAB no ceder\u00e1 los datos en ning\u00fan otro caso a terceros.<\/p>\r\n\r\n\t\t<h3>5. Ejercicio de derechos<\/h3>\r\n\r\n\t\t<p>El Usuario podr\u00e1 ejercer los siguientes derechos, previstos en el RGPD, en relaci\u00f3n al tratamiento de sus datos personales:<\/p>\r\n\r\n\t\t<ul>\r\n\t\t\t<li>Derecho a solicitar el acceso a los datos personales relativos al interesado.<\/li>\r\n\t\t\t<li>Derecho a solicitar su rectificaci\u00f3n o supresi\u00f3n.<\/li>\r\n\t\t\t<li>Derecho a solicitar la limitaci\u00f3n de su tratamiento.<\/li>\r\n\t\t\t<li>Derecho a oponerse al tratamiento.<\/li>\r\n\t\t\t<li>Derecho a la portabilidad de los datos.<\/li>\r\n\t\t\t<li>Derecho a no ser objeto de decisiones individualizadas automatizadas.<\/li>\r\n\t\t<\/ul>\r\n\r\n\t\t<p>Tales derechos podr\u00e1n ser ejercidos mediante una comunicaci\u00f3n escrita dirigida a FARMOLAB, S.L., AVDA. CATALU\u00d1A; 16-5\u00aa \u2013 03540 ALICANTE, o por e-mail a la direcci\u00f3n info@farmolab.com. En ambos casos el Usuario interesado deber\u00e1 acompa\u00f1ar una copia de su documento nacional de identidad, pasaporte u otro documento v\u00e1lido que lo identifique. La comunicaci\u00f3n debe hacerse de forma inmediata y en ning\u00fan caso m\u00e1s all\u00e1 del d\u00eda laborable siguiente al de la recepci\u00f3n de la solicitud, juntamente, en su caso, con otras informaciones que puedan ser relevantes para resolver la solicitud.<\/p>\r\n\r\n\t\t<p>Asimismo, le informamos que puede ejercer sus derechos ante la Autoridad de control competente. En su caso, la Agencia Espa\u00f1ola de Protecci\u00f3n de Datos (AEPD), domicilio en la calle Jorge Juan, n\u00ba6, 28001 Madrid.<\/p>\r\n\r\n\t\t<h3>6. Medidas y niveles de seguridad<\/h3>\r\n\t\t\r\n\t\t<p>FARMOLAB ha adoptado las medidas necesarias para mantener el nivel de seguridad requerido, seg\u00fan la naturaleza de los datos personales tratados y las circunstancias del tratamiento, con el objeto de evitar, en la medida de lo posible y siempre seg\u00fan el estado de la t\u00e9cnica, su alteraci\u00f3n, p\u00e9rdida, tratamiento o acceso no autorizado.<\/p>\r\n\r\n\t\t<p>Asimismo, FARMOLAB garantiza que ha implementado mecanismos para:<\/p>\r\n\r\n\t\t<ol>\r\n\t\t\t<li>Garantizar la confidencialidad, integridad, disponibilidad y resiliencia permanentes de los sistemas y servicios de tratamiento.<\/li>\r\n\t\t\t<li>Restaurar la disponibilidad y el acceso a los datos personales de forma r\u00e1pida, en caso de incidente f\u00edsico o t\u00e9cnico.<\/li>\r\n\t\t\t<li>Verificar, evaluar y valorar, de forma regular, la eficacia de las medidas t\u00e9cnicas y organizativas implantadas para garantizar la seguridad del tratamiento.<\/li>\r\n\t\t\t<li>Pseudonimizar y cifrar los datos personales, en su caso.<\/li>\r\n\t\t<\/ol>\r\n\r\n\t\t<h3>7. \u00c1mbito de aplicaci\u00f3n<\/h3>\r\n\r\n\t\t<p>La estructura de tratamientos, equipos y sistemas de informaci\u00f3n con el objeto de dar cumplimiento a la legislaci\u00f3n vigente en materia de protecci\u00f3n de datos, se aplicar\u00e1n a todos los tratamientos, temporales o permanentes, titularidad de FARMOLAB que contengan datos de car\u00e1cter personal, as\u00ed como a cualquier equipo o sistema de informaci\u00f3n que los trate.<\/p>\r\n\r\n\t\t<h3>8. Consentimiento del Usuario<\/h3>\r\n\t\r\n\t\t<p>El Usuario manifiesta haber le\u00eddo y aceptado expresamente la presente Pol\u00edtica de Privacidad al registrarse en FARMOLAB, otorgando su consentimiento inequ\u00edvoco y expreso a FARMOLAB, al tratamiento de los datos de acuerdo con las finalidades y servicios aqu\u00ed reflejados.<\/p>\r\n\t\t\r\n\t\t<p>El Usuario autoriza expresamente la comunicaci\u00f3n de sus datos a terceros para que FARMOLAB lleve a cabo las finalidades previstas en esta pol\u00edtica de privacidad. En el caso de que el Usuario facilite a FARMOLAB datos personales de terceros, el Usuario declara que dichos datos son veraces y que ha informado y ha solicitado el consentimiento a estos terceros, cuyos datos nos facilita, de que sus datos personales ser\u00e1n tratados por FARMOLAB en los mismos t\u00e9rminos que el Usuario ha sido informado y prestado su consentimiento en la presente pol\u00edtica de privacidad.<\/p>\r\n\r\n\t\t<h3>9. Informaci\u00f3n comercial y promocional<\/h3>\r\n\r\n\t\t<p>Los datos de car\u00e1cter personal que nos facilite mediante este formulario ser\u00e1n objeto de tratamiento por parte de FARMOLAB, con el objetivo de notificarle contenidos empresariales y comunicaciones comerciales FARMOLAB.<\/p>\r\n\r\n\t\t<h3>10. Confidencialidad y secreto profesional<\/h3>\r\n\t\t\r\n\t\t<p>Los datos recogidos en todas las comunicaciones privadas entre FARMOLAB y los clientes o Usuarios ser\u00e1n tratados con absoluta confidencialidad, comprometi\u00e9ndose FARMOLAB a la obligaci\u00f3n de secreto de los datos de car\u00e1cter personal, a su deber de guardarlos y adoptar todas las medidas necesarias que eviten su alteraci\u00f3n, p\u00e9rdida y tratamiento o acceso no autorizado, de acuerdo con lo establecido en la normativa aplicable a Medidas de Seguridad de los tratamientos Automatizados que contengan datos de car\u00e1cter personal.<\/p>\r\n\r\n\t\t<p>Adem\u00e1s, tambi\u00e9n tendr\u00e1 la condici\u00f3n de confidencial la informaci\u00f3n de cualquier tipo que las partes intercambien entre s\u00ed, aquella que estas acuerden que tiene tal naturaleza, o la que simplemente verse sobre el contenido de dicha informaci\u00f3n. La visualizaci\u00f3n de datos a trav\u00e9s de Internet&nbsp;no supondr\u00e1 el acceso directo a los mismos, salvo consentimiento expreso de su titular para cada ocasi\u00f3n.<\/p>\r\n\r\n\t\t<h3>11. Cambios en la pol\u00edtica de seguridad y de protecci\u00f3n de datos<\/h3>\r\n\t\t\r\n\t\t<p>FARMOLAB se reserva el derecho de modificar su pol\u00edtica de seguridad y protecci\u00f3n de datos con el objeto de adaptarlo a las novedades legislativas o jurisprudenciales, as\u00ed como las que pudieran derivarse de c\u00f3digos tipo existentes en la materia, o por decisiones corporativas estrat\u00e9gicas, con efectos de la fecha de publicaci\u00f3n de dicha modificaci\u00f3n en la p\u00e1gina Web de FARMOLAB.<\/p>\r\n\r\n\t\t<h3>Comunicaciones de datos efectuadas por el propio Usuario<\/h3>\r\n\r\n\t\t<p>Antes de facilitar en el Sitio Web datos personales relativos a terceras personas, el Usuario deber\u00e1 obtener su previo y expreso consentimiento, habi\u00e9ndoles informado de los t\u00e9rminos contenidos en esta Pol\u00edtica de privacidad. El Usuario se obliga a mantener indemne a FARMOLAB ante cualquier posible reclamaci\u00f3n, multa o sanci\u00f3n que pueda venir obligada a soportar como consecuencia del incumplimiento por parte del Usuario del deber descrito en este p\u00e1rrafo.<\/p>[\/et_pb_text][\/et_pb_column][\/et_pb_row][\/et_pb_section]\n","protected":false},"excerpt":{"rendered":"<p>Pol\u00edtica de privacidad 1. Responsable del tratamiento El responsable del tratamiento de los datos del Usuario es la compa\u00f1\u00eda&nbsp;FARMOLAB, S.L. (en adelante \u2018\u2018FARMOLAB\u2019\u2019), AVDA. CATALU\u00d1A, 16, 5\u00aa \u2013 03540 ALICANTE, con C.I.F. B42500546, y correo Electr\u00f3nico: info@farmolab.com 2. Finalidad del tratamiento de los datos El acceso por parte de FARMOLAB a los datos de car\u00e1cter [&hellip;]<\/p>\n","protected":false},"author":1,"featured_media":0,"parent":0,"menu_order":0,"comment_status":"closed","ping_status":"closed","template":"","meta":{"_et_pb_use_builder":"on","_et_pb_old_content":"","_et_gb_content_width":""},"yoast_head":"<!-- This site is optimized with the Yoast SEO plugin v21.8.1 - https:\/\/yoast.com\/wordpress\/plugins\/seo\/ -->\n<title>Privacy policy - Farmolab<\/title>\n<meta name=\"robots\" content=\"noindex, nofollow\" \/>\n<meta property=\"og:locale\" content=\"en_US\" \/>\n<meta property=\"og:type\" content=\"article\" \/>\n<meta property=\"og:title\" content=\"Privacy policy - Farmolab\" \/>\n<meta property=\"og:description\" content=\"Pol\u00edtica de privacidad 1. Responsable del tratamiento El responsable del tratamiento de los datos del Usuario es la compa\u00f1\u00eda&nbsp;FARMOLAB, S.L. (en adelante \u2018\u2018FARMOLAB\u2019\u2019), AVDA. CATALU\u00d1A, 16, 5\u00aa \u2013 03540 ALICANTE, con C.I.F. B42500546, y correo Electr\u00f3nico: info@farmolab.com 2. Finalidad del tratamiento de los datos El acceso por parte de FARMOLAB a los datos de car\u00e1cter [&hellip;]\" \/>\n<meta property=\"og:url\" content=\"https:\/\/farmolab.es\/en\/privacy-policy\/\" \/>\n<meta property=\"og:site_name\" content=\"Farmolab\" \/>\n<meta property=\"article:modified_time\" content=\"2020-06-05T07:39:01+00:00\" \/>\n<meta name=\"twitter:card\" content=\"summary_large_image\" \/>\n<meta name=\"twitter:label1\" content=\"Est. reading time\" \/>\n\t<meta name=\"twitter:data1\" content=\"7 minutes\" \/>\n<script type=\"application\/ld+json\" class=\"yoast-schema-graph\">{\"@context\":\"https:\/\/schema.org\",\"@graph\":[{\"@type\":\"WebPage\",\"@id\":\"https:\/\/farmolab.es\/en\/privacy-policy\/\",\"url\":\"https:\/\/farmolab.es\/en\/privacy-policy\/\",\"name\":\"Privacy policy - Farmolab\",\"isPartOf\":{\"@id\":\"https:\/\/farmolab.es\/#website\"},\"datePublished\":\"2020-06-05T07:39:00+00:00\",\"dateModified\":\"2020-06-05T07:39:01+00:00\",\"breadcrumb\":{\"@id\":\"https:\/\/farmolab.es\/en\/privacy-policy\/#breadcrumb\"},\"inLanguage\":\"en-US\",\"potentialAction\":[{\"@type\":\"ReadAction\",\"target\":[\"https:\/\/farmolab.es\/en\/privacy-policy\/\"]}]},{\"@type\":\"BreadcrumbList\",\"@id\":\"https:\/\/farmolab.es\/en\/privacy-policy\/#breadcrumb\",\"itemListElement\":[{\"@type\":\"ListItem\",\"position\":1,\"name\":\"Portada\",\"item\":\"https:\/\/farmolab.es\/en\/\"},{\"@type\":\"ListItem\",\"position\":2,\"name\":\"Privacy policy\"}]},{\"@type\":\"WebSite\",\"@id\":\"https:\/\/farmolab.es\/#website\",\"url\":\"https:\/\/farmolab.es\/\",\"name\":\"Farmolab\",\"description\":\"Cuidamos de tu salud\",\"potentialAction\":[{\"@type\":\"SearchAction\",\"target\":{\"@type\":\"EntryPoint\",\"urlTemplate\":\"https:\/\/farmolab.es\/?s={search_term_string}\"},\"query-input\":\"required name=search_term_string\"}],\"inLanguage\":\"en-US\"}]}<\/script>\n<!-- \/ Yoast SEO plugin. -->","yoast_head_json":{"title":"Privacy policy - Farmolab","robots":{"index":"noindex","follow":"nofollow"},"og_locale":"en_US","og_type":"article","og_title":"Privacy policy - Farmolab","og_description":"Pol\u00edtica de privacidad 1. Responsable del tratamiento El responsable del tratamiento de los datos del Usuario es la compa\u00f1\u00eda&nbsp;FARMOLAB, S.L. (en adelante \u2018\u2018FARMOLAB\u2019\u2019), AVDA. CATALU\u00d1A, 16, 5\u00aa \u2013 03540 ALICANTE, con C.I.F. B42500546, y correo Electr\u00f3nico: info@farmolab.com 2. Finalidad del tratamiento de los datos El acceso por parte de FARMOLAB a los datos de car\u00e1cter [&hellip;]","og_url":"https:\/\/farmolab.es\/en\/privacy-policy\/","og_site_name":"Farmolab","article_modified_time":"2020-06-05T07:39:01+00:00","twitter_card":"summary_large_image","twitter_misc":{"Est. reading time":"7 minutes"},"schema":{"@context":"https:\/\/schema.org","@graph":[{"@type":"WebPage","@id":"https:\/\/farmolab.es\/en\/privacy-policy\/","url":"https:\/\/farmolab.es\/en\/privacy-policy\/","name":"Privacy policy - Farmolab","isPartOf":{"@id":"https:\/\/farmolab.es\/#website"},"datePublished":"2020-06-05T07:39:00+00:00","dateModified":"2020-06-05T07:39:01+00:00","breadcrumb":{"@id":"https:\/\/farmolab.es\/en\/privacy-policy\/#breadcrumb"},"inLanguage":"en-US","potentialAction":[{"@type":"ReadAction","target":["https:\/\/farmolab.es\/en\/privacy-policy\/"]}]},{"@type":"BreadcrumbList","@id":"https:\/\/farmolab.es\/en\/privacy-policy\/#breadcrumb","itemListElement":[{"@type":"ListItem","position":1,"name":"Portada","item":"https:\/\/farmolab.es\/en\/"},{"@type":"ListItem","position":2,"name":"Privacy policy"}]},{"@type":"WebSite","@id":"https:\/\/farmolab.es\/#website","url":"https:\/\/farmolab.es\/","name":"Farmolab","description":"Cuidamos de tu salud","potentialAction":[{"@type":"SearchAction","target":{"@type":"EntryPoint","urlTemplate":"https:\/\/farmolab.es\/?s={search_term_string}"},"query-input":"required name=search_term_string"}],"inLanguage":"en-US"}]}},"_links":{"self":[{"href":"https:\/\/farmolab.es\/en\/wp-json\/wp\/v2\/pages\/990"}],"collection":[{"href":"https:\/\/farmolab.es\/en\/wp-json\/wp\/v2\/pages"}],"about":[{"href":"https:\/\/farmolab.es\/en\/wp-json\/wp\/v2\/types\/page"}],"author":[{"embeddable":true,"href":"https:\/\/farmolab.es\/en\/wp-json\/wp\/v2\/users\/1"}],"replies":[{"embeddable":true,"href":"https:\/\/farmolab.es\/en\/wp-json\/wp\/v2\/comments?post=990"}],"version-history":[{"count":1,"href":"https:\/\/farmolab.es\/en\/wp-json\/wp\/v2\/pages\/990\/revisions"}],"predecessor-version":[{"id":991,"href":"https:\/\/farmolab.es\/en\/wp-json\/wp\/v2\/pages\/990\/revisions\/991"}],"wp:attachment":[{"href":"https:\/\/farmolab.es\/en\/wp-json\/wp\/v2\/media?parent=990"}],"curies":[{"name":"wp","href":"https:\/\/api.w.org\/{rel}","templated":true}]}}