{"id":988,"date":"2020-06-05T07:38:36","date_gmt":"2020-06-05T07:38:36","guid":{"rendered":"https:\/\/farmolab.es\/legal-notice\/"},"modified":"2020-06-05T07:38:37","modified_gmt":"2020-06-05T07:38:37","slug":"legal-notice","status":"publish","type":"page","link":"https:\/\/farmolab.es\/en\/legal-notice\/","title":{"rendered":"Legal Notice"},"content":{"rendered":"<p>[et_pb_section fb_built=&#8221;1&#8243; _builder_version=&#8221;4.4.5&#8243;][et_pb_row _builder_version=&#8221;4.4.5&#8243;][et_pb_column _builder_version=&#8221;4.4.5&#8243; type=&#8221;4_4&#8243;][et_pb_text _builder_version=&#8221;4.4.5&#8243; hover_enabled=&#8221;0&#8243;]\t\t<\/p>\n<h1>Aviso Legal<\/h1>\n<p><\/p>\n<p>En este apartado se incluye informaci\u00f3n sobre las condiciones de acceso y utilizaci\u00f3n de este sitio Web que deben ser conocidas por el usuario. Informaci\u00f3n necesaria a los efectos previstos en la Ley 34\/2002 de Servicios de la Sociedad de la Informaci\u00f3n y de Comercio Electr\u00f3nico.<\/p>\n<p>\t<b>Titular:<\/b> FARMOLAB, SOCIEDAD LIMITADA<br \/>\n\t\t\t<b>C.I.F.:<\/b> B42500546<br \/>\n\t\t\t<b>Domicilio social:<\/b> AVDA. CATALU\u00d1A, 16 \u2013 5\u00aa 03540 ALICANTE\n\t\t<\/p>\n<p>Inscrita en el Registro Mercantil de Alicante, Tomo 4033, Folio 132, S 8, Hoja A 154947, Inscripci\u00f3n A 1.<\/p>\n<h2>CONDICIONES DE ACCESO Y UTILIZACION DE LA WEB<\/h2>\n<h3>1. Aceptaci\u00f3n de las condiciones generales<\/h3>\n<p>El acceso y\/o uso de este portal de FARMOLAB S.L. atribuye la condici\u00f3n de USUARIO, que acepta, desde dicho acceso y\/o uso, las Condiciones Generales de Uso aqu\u00ed reflejadas. Las citadas Condiciones ser\u00e1n de aplicaci\u00f3n independientemente de las Condiciones Generales de Contrataci\u00f3n que en su caso resulten de obligado cumplimiento.<\/p>\n<p>Las Condiciones generales que a continuaci\u00f3n se rese\u00f1an, regulan la utilizaci\u00f3n de la Web, www.farmolab.com<\/p>\n<p>FARMOLAB, S.L. es una empresa dedicada a la comercializaci\u00f3n de nutrac\u00e9uticos y productos sanitarios destinados a Cl\u00ednicas, Ortopedias y profesionales sanitarios, productos con marca propia, y de otros fabricantes, como tambi\u00e9n act\u00faa en copromoci\u00f3n comercial sobre productos de otras empresas con la que alcanza acuerdos comerciales. Es responsabilidad del cliente identificarse como tal mediante el correspondiente formulario electr\u00f3nico.<\/p>\n<p>La utilizaci\u00f3n de la Web de FARMOLAB S.L. atribuye la condici\u00f3n de usuario de la misma y conlleva la aceptaci\u00f3n plena y sin reservas de ning\u00fan tipo, por parte del usuario, de todas las Condiciones Generales que est\u00e9n publicadas al tiempo de acceder el usuario. Por ello se recomienda al usuario que lea atentamente el contenido de las Condiciones Generales cada vez que se disponga a utilizar la p\u00e1gina Web.<\/p>\n<h3>2. Obligaci\u00f3n de hacer uso correcto de la p\u00e1gina web y de los contenidos<\/h3>\n<p>Todos los contenidos que se incluyen en este sitio Web se facilitan a efectos exclusivamente informativos, de modo que en ning\u00fan caso pueden servir de base para recursos o reclamaciones ni constituir fuente de derechos. FARMOLAB S.L. se reserva el derecho a modificar, sin previo aviso, los contenidos del sitio Web.<\/p>\n<p>El Usuario se compromete a la correcta utilizaci\u00f3n de la Web y utilidades que se le proporcionen conforme a la ley, el presente documento legal, y las instrucciones y avisos que se le comuniquen.<\/p>\n<p>El Usuario se obliga al uso exclusivo de la Web, y todos sus contenidos, para fines l\u00edcitos y no prohibidos, que no infrinjan la legalidad vigente y\/o puedan resultar lesivos de los derechos leg\u00edtimos de FARMOLAB S.L. o de cualquier tercero, y\/o que puedan causar cualquier da\u00f1o o perjuicio de forma directa o indirecta.<\/p>\n<p>A tal efecto, el usuario se abstendr\u00e1 de utilizar cualquiera de los contenidos de la p\u00e1gina Web con fines o efectos il\u00edcitos, prohibidos en el presente Documento Legal, lesivos de los derechos e intereses de terceros o que, de cualquier forma, puedan da\u00f1ar, inutilizar, sobrecargar, deteriorar o impedir la normal utilizaci\u00f3n de la Web.<\/p>\n<p>En particular, y a t\u00edtulo meramente indicativo y no exhaustivo, el usuario se compromete a no transmitir, difundir o poner a disposici\u00f3n de terceros informaciones, datos, contenidos, mensajes, gr\u00e1ficos, dibujos, archivos de sonido y\/o imagen, fotograf\u00edas, grabaciones, software y, en general, cualquier clase de material que:<\/p>\n<ul>\n<li>de cualquier forma, sea contrario, menosprecie o atente contra los derechos fundamentales y las libertades p\u00fablicas reconocidas constitucionalmente, en los Tratados internacionales y en el resto de la legislaci\u00f3n;<\/li>\n<li>induzca, incite o promueva actuaciones delictivas, denigratorias, difamatorias, infamantes, violentas o, en general, contrarias a la ley, a la moral y buenas costumbres generalmente aceptadas o al orden p\u00fablico; <\/li>\n<li>induzca, incite o promueva actuaciones, actitudes o pensamientos discriminatorios por raz\u00f3n de sexo, raza, religi\u00f3n, creencias, edad o condici\u00f3n;<\/li>\n<li>incorpore, ponga a disposici\u00f3n o permita acceder a productos, elementos, mensajes y\/o servicios delictivos, violentos, ofensivos, nocivos, degradantes o, en general, contrarios a la ley, a la moral y a las buenas costumbres generalmente aceptadas o al orden p\u00fablico; <\/li>\n<li>sea falso, ambiguo, inexacto, exagerado o extempor\u00e1neo, de forma que induzca o pueda inducir a error sobre su objeto o sobre las intenciones o prop\u00f3sitos del comunicante; <\/li>\n<li>se encuentre protegido por cualesquiera derechos de propiedad intelectual o industrial pertenecientes a terceros, sin que el Usuario haya obtenido previamente de sus titulares la autorizaci\u00f3n necesaria para llevar a cabo el uso que efect\u00faa o pretende efectuar; viole los secretos empresariales de terceros; <\/li>\n<li>sea contrario al derecho al honor, a la intimidad personal y familiar o a la propia imagen de las personas; de cualquier manera, menoscabe el cr\u00e9dito de FARMOLAB S.L.<\/li>\n<li>infrinja la normativa sobre secreto de las comunicaciones; <\/li>\n<li>constituya, en su caso, publicidad il\u00edcita, enga\u00f1osa o desleal y, en general, que competencia desleal; <\/li>\n<li>incorpore virus u otros elementos f\u00edsicos o electr\u00f3nicos que puedan da\u00f1ar o impedir el normal funcionamiento de la red, del sistema o de equipos inform\u00e1ticos (hardware y software) de FARMOLAB S.L. o de terceros o que puedan da\u00f1ar los documentos electr\u00f3nicos y archivos almacenados en dichos equipos inform\u00e1ticos; <\/li>\n<li>provoque por sus caracter\u00edsticas (tales como formato, extensi\u00f3n, etc.) dificultades en el normal funcionamiento del Servicio;<\/li>\n<\/ul>\n<h3>3. El Usuario, se compromete a abstenerse de<\/h3>\n<ul>\n<li>reproducir, copiar, distribuir, poner a disposici\u00f3n o de cualquier otra forma comunicar p\u00fablicamente, transformar o modificar los Contenidos, a menos que se cuente con la autorizaci\u00f3n del titular de los correspondientes derechos o ello resulte legalmente permitido;<\/li>\n<li>suprimir, manipular o de cualquier forma alterar el \u201ccopyright\u201d y dem\u00e1s datos identificativos de la reserva de derechos de FARMOLAB S.L. <\/li>\n<li>intentar obtener los Contenidos empleando para ello medios o procedimientos distintos de los que, seg\u00fan los casos, se hayan puesto a su disposici\u00f3n a este efecto o se hayan indicado a este efecto en la p\u00e1gina Web donde se encuentren los Contenidos o, en general, de los que se empleen habitualmente en Internet a este efecto siempre que no entra\u00f1en un riesgo de da\u00f1o o inutilizaci\u00f3n del sitio Web, de los Servicios y\/o de los Contenidos. <\/li>\n<\/ul>\n<p>El usuario responder\u00e1 de los da\u00f1os y perjuicios de toda naturaleza que FARMOLAB S.L. pueda sufrir, directa o indirectamente, como consecuencia del incumplimiento de cualquiera de las obligaciones derivadas de las condiciones generales o de la ley en relaci\u00f3n con la utilizaci\u00f3n de la Web.<\/p>\n<h3>4. Propiedad intelectual<\/h3>\n<p>Todos los contenidos de (LA WEB) son propiedad intelectual de la empresa y est\u00e1n protegidos en funci\u00f3n de la legislaci\u00f3n sobre Propiedad Intelectual nacional e internacional vigente.<\/p>\n<p>Queda absolutamente prohibido el uso del contenido de nuestra p\u00e1gina Web sin la autorizaci\u00f3n por escrito por parte FARMOLAB S.L.<\/p>\n<p>Queda prohibido establecer esta p\u00e1gina como marco de otras, no obstante, s\u00ed que se podr\u00e1 establecer un enlace a nuestra direcci\u00f3n de Internet (direcci\u00f3n url de la p\u00e1gina Web) siempre y cuando no se relacionen con manifestaciones falsas, inexactas, incorrectas, que puedan inducir a error o confusi\u00f3n o que sean contrarias a la ley, la moral o las buenas costumbres.<\/p>\n<p>El usuario podr\u00e1 descargarse la p\u00e1gina Web en su terminal siempre que sea para uso privado, sin ning\u00fan fin comercial, por lo que no podr\u00e1 explotar, reproducir, distribuir, modificar, comunicar p\u00fablicamente, ceder, transformar o usar el contenido de la Web con fines p\u00fablicos o comerciales.<\/p>\n<p>La infracci\u00f3n de cualquiera de los citados derechos puede constituir una vulneraci\u00f3n de las presentes disposiciones, as\u00ed como un delito castigado de acuerdo con los art\u00edculos 270 y siguientes del C\u00f3digo Penal.<\/p>\n<h3>5. Derechos de autor<\/h3>\n<p>Todos los derechos de autor (copyrights) y otros derechos de propiedad intelectual sobre el material gr\u00e1fico, gr\u00e1ficos, texto, clips de v\u00eddeo y audio, marcas, logotipos y dem\u00e1s contenido disponible en este sitio web (\u201cContenido\u201d) son propiedad de FARMOLAB S.L. o se utilizan bajo autorizaci\u00f3n.<\/p>\n<p>Aunque puede copiar cualquier parte de este sitio web en su propio ordenador para uso personal, no puede copiar ni incorporar parte alguna del Contenido disponible en el sitio web en ning\u00fan otro lugar, incluido su propio sitio web, ni utilizar el Contenido de ninguna otra forma p\u00fablica o comercial. Esto significa que no podr\u00e1 publicar ni redistribuir parte alguna de nuestro sitio web a menos que le hayamos concedido licencia para hacerlo. Esto significa tambi\u00e9n que FARMOLAB S.L. conserva la plena titularidad sobre la totalidad de dicho Contenido, incluido cualquier software o c\u00f3digo descargable, cualesquiera im\u00e1genes incorporadas o generadas por el software y todos los datos que lo acompa\u00f1an. No debe copiar, modificar, reproducir, cargar, transmitir, distribuir, realizar operaciones de ingenier\u00eda inversa, desensamblar ni transformar el Contenido a ning\u00fan otro formato.<\/p>\n<p>Las marcas, logotipos y cualesquiera otros de propiedad industrial que aparecen en este sitio son propiedad de FARMOLAB S.L. Est\u00e1 prohibida la utilizaci\u00f3n de estas marcas sin la previa autorizaci\u00f3n escrita de FARMOLAB S.L., o de las terceras partes propietarias de las marcas.<\/p>\n<h3>6. Duraci\u00f3n del servicio<\/h3>\n<p>FARMOLAB S.L. no garantiza la disponibilidad y continuidad del funcionamiento del Sitio Web. Cuando ello sea razonablemente posible, FARMOLAB S.L. advertir\u00e1 previamente de las interrupciones en el funcionamiento del sitio Web; FARMOLAB S.L. tampoco garantiza la utilidad del Sitio Web para la realizaci\u00f3n de ninguna actividad en concreto, ni su infalibilidad.<\/p>\n<p>El acceso a la Web de FARMOLAB S.L. tiene una duraci\u00f3n indefinida; no obstante, FARMOLAB S.L. se reserva el derecho de suspender sin previo aviso el acceso a los usuarios que, a su juicio, incumplan las normas de utilizaci\u00f3n de su p\u00e1gina Web y ejercer las medidas legales oportunas. Adem\u00e1s, FARMOLAB S.L. se reserva el derecho de restringir el acceso a algunas secciones de la Web al p\u00fablico en general, limit\u00e1ndolo \u00fanicamente a usuarios o grupo de usuarios concretos a trav\u00e9s de la entrega de un password de acceso de la cual ser\u00e1n responsables.<\/p>\n<h3>7. Exclusi\u00f3n de responsabilidad<\/h3>\n<p>FARMOLAB S.L. realiza los m\u00e1ximos esfuerzos para evitar cualquier error en los contenidos de la p\u00e1gina Web, pero no garantiza ni se responsabiliza de posibles errores en los contenidos de la Web.<\/p>\n<p>FARMOLAB S.L. excluye cualquier responsabilidad por da\u00f1os y perjuicios de cualquier naturaleza eventualmente derivados de:<\/p>\n<ul>\n<li>La interrupci\u00f3n del funcionamiento o la falta de disponibilidad de acceso a la p\u00e1gina Web.<\/li>\n<li>La privacidad y seguridad en la utilizaci\u00f3n de la p\u00e1gina Web por parte del Usuario, y\/o el acceso no consentido de terceros no autorizados.<\/li>\n<li>La eventual transmisi\u00f3n de elementos que afecten negativamente a los sistemas inform\u00e1ticos.<\/li>\n<li>La exactitud, exhaustividad y actualizaci\u00f3n puntual de los contenidos de su p\u00e1gina Web.<\/li>\n<\/ul>\n<p>En consecuencia, FARMOLAB S.L. no garantiza la fiabilidad, la disponibilidad ni la continuidad de su sitio Web ni de los contenidos, por lo que la utilizaci\u00f3n de los mismos por parte del usuario se lleva a cabo por su propia cuenta y riesgo, sin que, en ning\u00fan momento, puedan exigirse responsabilidades a FARMOLAB S.L. en este sentido.<\/p>\n<p>FARMOLAB S.L. no ser\u00e1 responsable en caso de que existan interrupciones del servicio, demoras, errores, mal funcionamiento del mismo y, en general, dem\u00e1s inconvenientes que tengan su origen en causas que escapan del control de FARMOLAB S.L. y\/o debida a una actuaci\u00f3n dolosa o culposa del Usuario y\/o tenga por origen causas de fuerza mayor. En cualquier caso, sea cual fuere su causa, FARMOLAB S.L. no asumir\u00e1 responsabilidad alguna ya sea por da\u00f1os directos o indirectos, da\u00f1o emergente y\/o por lucro cesante. FARMOLAB S.L. tendr\u00e1 derecho, sin que exista indemnizaci\u00f3n alguna al usuario por estos conceptos, a suspender temporalmente los servicios y contenidos del sitio Web para efectuar operaciones de mantenimiento, mejora o reparaci\u00f3n de los mismos.<\/p>\n<p>FARMOLAB S.L. excluye cualquier responsabilidad por los da\u00f1os y perjuicios de toda naturaleza que puedan deberse a la falta de veracidad, exactitud, exhaustividad y\/o actualidad de los contenidos transmitidos, difundidos, almacenados, puestos a disposici\u00f3n o recibidos, obtenidos o a los que se haya accedido a trav\u00e9s de la Web; Ni tampoco por los contenidos prestados por terceras personas o entidades.<\/p>\n<h3>8. Generalidades<\/h3>\n<p>FARMOLAB S.L. tratar\u00e1 en la medida de lo posible de actualizar y rectificar aquella informaci\u00f3n alojada en su Web que no cumpla con las m\u00ednimas garant\u00edas de veracidad. No obstante, quedar\u00e1 exonerada de responsabilidad por su no actualizaci\u00f3n o rectificaci\u00f3n, as\u00ed como por los contenidos e informaciones vertidos en la misma.<\/p>\n<p>FARMOLAB S.L. no se hace responsable por la utilizaci\u00f3n que el usuario realice de los servicios y productos del sitio Web ni de sus contrase\u00f1as, as\u00ed como de cualquier otro material del sitio Web, infringiendo los derechos de propiedad intelectual o industrial o cualquier otro derecho de terceros.<\/p>\n<p>FARMOLAB S.L. se reserva el derecho de eliminaci\u00f3n de aquellos contenidos que resulten inveraces, inexactos y contrarios a la ley, la moral, el orden p\u00fablico y las buenas costumbres.<\/p>\n<p>FARMOLAB S.L. perseguir\u00e1 el incumplimiento de las presentes condiciones, as\u00ed como cualquier utilizaci\u00f3n indebida de su portal ejerciendo todas las acciones civiles y penales que le puedan corresponder en derecho.<\/p>\n<h3>9. Legislaci\u00f3n aplicable y jurisdicci\u00f3n<\/h3>\n<p>La relaci\u00f3n entre FARMOLAB y el USUARIO se regir\u00e1 por la normativa espa\u00f1ola vigente y cualquier controversia se someter\u00e1 a los Juzgados y tribunales de la ciudad de Alicante sede de FARMOLAB S.L.<\/p>\n<p>[\/et_pb_text][\/et_pb_column][\/et_pb_row][\/et_pb_section]<\/p>\n","protected":false},"excerpt":{"rendered":"<p>Aviso Legal En este apartado se incluye informaci\u00f3n sobre las condiciones de acceso y utilizaci\u00f3n de este sitio Web que deben ser conocidas por el usuario. Informaci\u00f3n necesaria a los efectos previstos en la Ley 34\/2002 de Servicios de la Sociedad de la Informaci\u00f3n y de Comercio Electr\u00f3nico. Titular: FARMOLAB, SOCIEDAD LIMITADA C.I.F.: B42500546 Domicilio [&hellip;]<\/p>\n","protected":false},"author":1,"featured_media":0,"parent":0,"menu_order":0,"comment_status":"closed","ping_status":"closed","template":"","meta":{"_et_pb_use_builder":"on","_et_pb_old_content":"","_et_gb_content_width":""},"yoast_head":"<!-- This site is optimized with the Yoast SEO plugin v21.8.1 - https:\/\/yoast.com\/wordpress\/plugins\/seo\/ -->\n<title>Legal Notice - Farmolab<\/title>\n<meta name=\"robots\" content=\"index, follow, max-snippet:-1, max-image-preview:large, max-video-preview:-1\" \/>\n<link rel=\"canonical\" href=\"https:\/\/farmolab.es\/en\/legal-notice\/\" \/>\n<meta property=\"og:locale\" content=\"en_US\" \/>\n<meta property=\"og:type\" content=\"article\" \/>\n<meta property=\"og:title\" content=\"Legal Notice - Farmolab\" \/>\n<meta property=\"og:description\" content=\"Aviso Legal En este apartado se incluye informaci\u00f3n sobre las condiciones de acceso y utilizaci\u00f3n de este sitio Web que deben ser conocidas por el usuario. Informaci\u00f3n necesaria a los efectos previstos en la Ley 34\/2002 de Servicios de la Sociedad de la Informaci\u00f3n y de Comercio Electr\u00f3nico. Titular: FARMOLAB, SOCIEDAD LIMITADA C.I.F.: B42500546 Domicilio [&hellip;]\" \/>\n<meta property=\"og:url\" content=\"https:\/\/farmolab.es\/en\/legal-notice\/\" \/>\n<meta property=\"og:site_name\" content=\"Farmolab\" \/>\n<meta property=\"article:modified_time\" content=\"2020-06-05T07:38:37+00:00\" \/>\n<meta name=\"twitter:card\" content=\"summary_large_image\" \/>\n<meta name=\"twitter:label1\" content=\"Est. reading time\" \/>\n\t<meta name=\"twitter:data1\" content=\"12 minutes\" \/>\n<script type=\"application\/ld+json\" class=\"yoast-schema-graph\">{\"@context\":\"https:\/\/schema.org\",\"@graph\":[{\"@type\":\"WebPage\",\"@id\":\"https:\/\/farmolab.es\/en\/legal-notice\/\",\"url\":\"https:\/\/farmolab.es\/en\/legal-notice\/\",\"name\":\"Legal Notice - Farmolab\",\"isPartOf\":{\"@id\":\"https:\/\/farmolab.es\/#website\"},\"datePublished\":\"2020-06-05T07:38:36+00:00\",\"dateModified\":\"2020-06-05T07:38:37+00:00\",\"breadcrumb\":{\"@id\":\"https:\/\/farmolab.es\/en\/legal-notice\/#breadcrumb\"},\"inLanguage\":\"en-US\",\"potentialAction\":[{\"@type\":\"ReadAction\",\"target\":[\"https:\/\/farmolab.es\/en\/legal-notice\/\"]}]},{\"@type\":\"BreadcrumbList\",\"@id\":\"https:\/\/farmolab.es\/en\/legal-notice\/#breadcrumb\",\"itemListElement\":[{\"@type\":\"ListItem\",\"position\":1,\"name\":\"Portada\",\"item\":\"https:\/\/farmolab.es\/en\/\"},{\"@type\":\"ListItem\",\"position\":2,\"name\":\"Legal Notice\"}]},{\"@type\":\"WebSite\",\"@id\":\"https:\/\/farmolab.es\/#website\",\"url\":\"https:\/\/farmolab.es\/\",\"name\":\"Farmolab\",\"description\":\"Cuidamos de tu salud\",\"potentialAction\":[{\"@type\":\"SearchAction\",\"target\":{\"@type\":\"EntryPoint\",\"urlTemplate\":\"https:\/\/farmolab.es\/?s={search_term_string}\"},\"query-input\":\"required name=search_term_string\"}],\"inLanguage\":\"en-US\"}]}<\/script>\n<!-- \/ Yoast SEO plugin. -->","yoast_head_json":{"title":"Legal Notice - Farmolab","robots":{"index":"index","follow":"follow","max-snippet":"max-snippet:-1","max-image-preview":"max-image-preview:large","max-video-preview":"max-video-preview:-1"},"canonical":"https:\/\/farmolab.es\/en\/legal-notice\/","og_locale":"en_US","og_type":"article","og_title":"Legal Notice - Farmolab","og_description":"Aviso Legal En este apartado se incluye informaci\u00f3n sobre las condiciones de acceso y utilizaci\u00f3n de este sitio Web que deben ser conocidas por el usuario. Informaci\u00f3n necesaria a los efectos previstos en la Ley 34\/2002 de Servicios de la Sociedad de la Informaci\u00f3n y de Comercio Electr\u00f3nico. Titular: FARMOLAB, SOCIEDAD LIMITADA C.I.F.: B42500546 Domicilio [&hellip;]","og_url":"https:\/\/farmolab.es\/en\/legal-notice\/","og_site_name":"Farmolab","article_modified_time":"2020-06-05T07:38:37+00:00","twitter_card":"summary_large_image","twitter_misc":{"Est. reading time":"12 minutes"},"schema":{"@context":"https:\/\/schema.org","@graph":[{"@type":"WebPage","@id":"https:\/\/farmolab.es\/en\/legal-notice\/","url":"https:\/\/farmolab.es\/en\/legal-notice\/","name":"Legal Notice - Farmolab","isPartOf":{"@id":"https:\/\/farmolab.es\/#website"},"datePublished":"2020-06-05T07:38:36+00:00","dateModified":"2020-06-05T07:38:37+00:00","breadcrumb":{"@id":"https:\/\/farmolab.es\/en\/legal-notice\/#breadcrumb"},"inLanguage":"en-US","potentialAction":[{"@type":"ReadAction","target":["https:\/\/farmolab.es\/en\/legal-notice\/"]}]},{"@type":"BreadcrumbList","@id":"https:\/\/farmolab.es\/en\/legal-notice\/#breadcrumb","itemListElement":[{"@type":"ListItem","position":1,"name":"Portada","item":"https:\/\/farmolab.es\/en\/"},{"@type":"ListItem","position":2,"name":"Legal Notice"}]},{"@type":"WebSite","@id":"https:\/\/farmolab.es\/#website","url":"https:\/\/farmolab.es\/","name":"Farmolab","description":"Cuidamos de tu salud","potentialAction":[{"@type":"SearchAction","target":{"@type":"EntryPoint","urlTemplate":"https:\/\/farmolab.es\/?s={search_term_string}"},"query-input":"required name=search_term_string"}],"inLanguage":"en-US"}]}},"_links":{"self":[{"href":"https:\/\/farmolab.es\/en\/wp-json\/wp\/v2\/pages\/988"}],"collection":[{"href":"https:\/\/farmolab.es\/en\/wp-json\/wp\/v2\/pages"}],"about":[{"href":"https:\/\/farmolab.es\/en\/wp-json\/wp\/v2\/types\/page"}],"author":[{"embeddable":true,"href":"https:\/\/farmolab.es\/en\/wp-json\/wp\/v2\/users\/1"}],"replies":[{"embeddable":true,"href":"https:\/\/farmolab.es\/en\/wp-json\/wp\/v2\/comments?post=988"}],"version-history":[{"count":1,"href":"https:\/\/farmolab.es\/en\/wp-json\/wp\/v2\/pages\/988\/revisions"}],"predecessor-version":[{"id":989,"href":"https:\/\/farmolab.es\/en\/wp-json\/wp\/v2\/pages\/988\/revisions\/989"}],"wp:attachment":[{"href":"https:\/\/farmolab.es\/en\/wp-json\/wp\/v2\/media?parent=988"}],"curies":[{"name":"wp","href":"https:\/\/api.w.org\/{rel}","templated":true}]}}