{"id":622,"date":"2020-05-25T15:41:50","date_gmt":"2020-05-25T15:41:50","guid":{"rendered":"http:\/\/farmolab.es\/rd\/"},"modified":"2021-05-13T09:21:36","modified_gmt":"2021-05-13T09:21:36","slug":"rd","status":"publish","type":"page","link":"https:\/\/farmolab.es\/en\/rd\/","title":{"rendered":"R&#038;D"},"content":{"rendered":"<p>[et_pb_section fb_built=&#8221;1&#8243; fullwidth=&#8221;on&#8221; _builder_version=&#8221;4.4.5&#8243;][et_pb_fullwidth_slider _builder_version=&#8221;4.4.5&#8243; header_level=&#8221;h1&#8243; header_font_size=&#8221;60px&#8221; body_font_size=&#8221;60px&#8221; background_image=&#8221;https:\/\/farmolab.es\/wp-content\/uploads\/2020\/05\/slide-id.jpg&#8221; text_orientation=&#8221;left&#8221;][et_pb_slide _builder_version=&#8221;4.4.5&#8243; body_font=&#8221;|||on|||||&#8221; body_font_size=&#8221;60px&#8221; text_orientation=&#8221;left&#8221; custom_padding=&#8221;|||0px|false|false&#8221; sticky_transition=&#8221;on&#8221;]<\/p>\n<h1 style=\"font-size: 60px;\">RESEARCH<br \/>\nAND DEVELOPMENT<\/h1>\n<p>[\/et_pb_slide][\/et_pb_fullwidth_slider][\/et_pb_section][et_pb_section fb_built=&#8221;1&#8243; module_id=&#8221;nosotros&#8221; _builder_version=&#8221;4.4.5&#8243; use_background_color_gradient=&#8221;on&#8221; background_color_gradient_start=&#8221;#29aae1&#8243; background_color_gradient_end=&#8221;#ffffff&#8221; background_color_gradient_direction=&#8221;90deg&#8221; custom_margin=&#8221;0px||0px||false|false&#8221; custom_padding=&#8221;0px||0px||false|false&#8221;][et_pb_row _builder_version=&#8221;4.4.5&#8243; custom_margin=&#8221;0px||0px||false|false&#8221; custom_padding=&#8221;0px||0px||false|false&#8221;][et_pb_column type=&#8221;4_4&#8243; _builder_version=&#8221;4.4.5&#8243;][et_pb_cta title=&#8221;R&#038;D&#8221; _builder_version=&#8221;4.9.4&#8243; header_font=&#8221;|||on|||||&#8221; header_font_size=&#8221;52px&#8221; body_font_size=&#8221;13px&#8221; background_color=&#8221;rgba(0,0,0,0)&#8221; text_orientation=&#8221;left&#8221; custom_margin=&#8221;||||false|false&#8221; custom_padding=&#8221;20px|0px|0px|0px|false|false&#8221; animation_style=&#8221;slide&#8221; animation_direction=&#8221;right&#8221; header_font_size_tablet=&#8221;&#8221; header_font_size_phone=&#8221;32px&#8221; header_font_size_last_edited=&#8221;on|phone&#8221;][\/et_pb_cta][\/et_pb_column][\/et_pb_row][\/et_pb_section][et_pb_section fb_built=&#8221;1&#8243; _builder_version=&#8221;4.4.5&#8243;][et_pb_row _builder_version=&#8221;4.4.5&#8243;][et_pb_column type=&#8221;4_4&#8243; _builder_version=&#8221;4.4.5&#8243;][et_pb_text _builder_version=&#8221;4.4.5&#8243; custom_padding=&#8221;||0px|||&#8221; animation_style=&#8221;slide&#8221; animation_direction=&#8221;bottom&#8221;]All our products are the result of the agreement between research professionals and we join the needs of patients our medical, nutraceutical and health care products can offer an advantage for in comparison with conventional treatments.<\/p>\n<p>We opt for a more natural and safer form of treatment, which is the reason why we aim for quality, efficiency and maximum safety in all our projects.[\/et_pb_text][\/et_pb_column][\/et_pb_row][\/et_pb_section][et_pb_section fb_built=&#8221;1&#8243; module_id=&#8221;nosotros&#8221; _builder_version=&#8221;4.4.5&#8243; use_background_color_gradient=&#8221;on&#8221; background_color_gradient_start=&#8221;#29aae1&#8243; background_color_gradient_end=&#8221;#ffffff&#8221; background_color_gradient_direction=&#8221;90deg&#8221; custom_margin=&#8221;0px||0px||false|false&#8221; custom_padding=&#8221;0px||0px||false|false&#8221;][et_pb_row _builder_version=&#8221;4.4.5&#8243; custom_margin=&#8221;0px||0px||false|false&#8221; custom_padding=&#8221;0px||0px||false|false&#8221;][et_pb_column type=&#8221;4_4&#8243; _builder_version=&#8221;4.4.5&#8243;][et_pb_cta title=&#8221;MANUFACTURE&#8221; _builder_version=&#8221;4.9.4&#8243; header_font=&#8221;|||on|||||&#8221; header_font_size=&#8221;52px&#8221; body_font_size=&#8221;13px&#8221; background_color=&#8221;rgba(0,0,0,0)&#8221; text_orientation=&#8221;left&#8221; custom_margin=&#8221;||||false|false&#8221; custom_padding=&#8221;20px|0px|0px|0px|false|false&#8221; animation_style=&#8221;slide&#8221; animation_direction=&#8221;right&#8221; header_font_size_tablet=&#8221;&#8221; header_font_size_phone=&#8221;32px&#8221; header_font_size_last_edited=&#8221;on|phone&#8221;][\/et_pb_cta][\/et_pb_column][\/et_pb_row][\/et_pb_section][et_pb_section fb_built=&#8221;1&#8243; _builder_version=&#8221;4.4.5&#8243; custom_margin=&#8221;||0px||false|false&#8221; custom_padding=&#8221;||0px||false|false&#8221;][et_pb_row column_structure=&#8221;3_5,2_5&#8243; _builder_version=&#8221;4.4.5&#8243;][et_pb_column type=&#8221;3_5&#8243; _builder_version=&#8221;4.4.5&#8243;][et_pb_text _builder_version=&#8221;4.4.5&#8243; animation_style=&#8221;slide&#8221; animation_direction=&#8221;bottom&#8221;]We strive for excellence in all our processes, from the selection of active ingredients to the manufacture of our products. For this reason we have selected one of the major European manufacturers in the field of soft gelatine capsule technology, hard capsule technology and other delivery forms: HC Aplicaps.<\/p>\n<p>This way we ensure that both for the selection of active ingredients and for the compliance with the manufacturing standards the highest requirements are met, with pharmaceutical quality criteria (GMP) and with absolute guarantees in the monitoring and control of the whole production process.<\/p>\n<p>Our production complies with the highest manufacturing standards, certified by the Spanish Ministry of Health and the Spanish Medicines Agency.[\/et_pb_text][\/et_pb_column][et_pb_column type=&#8221;2_5&#8243; _builder_version=&#8221;4.4.5&#8243;][et_pb_image src=&#8221;https:\/\/farmolab.es\/wp-content\/uploads\/2020\/05\/aplicaps.jpg&#8221; alt=&#8221;About us Farmolab&#8221; title_text=&#8221;aplicaps&#8221; force_fullwidth=&#8221;on&#8221; _builder_version=&#8221;4.4.5&#8243; animation_style=&#8221;slide&#8221; animation_direction=&#8221;right&#8221; box_shadow_style=&#8221;preset2&#8243;][\/et_pb_image][\/et_pb_column][\/et_pb_row][\/et_pb_section][et_pb_section fb_built=&#8221;1&#8243; _builder_version=&#8221;4.4.5&#8243; custom_margin=&#8221;0px||||false|false&#8221; custom_padding=&#8221;0px||||false|false&#8221;][et_pb_row column_structure=&#8221;3_5,2_5&#8243; _builder_version=&#8221;4.4.5&#8243; custom_margin=&#8221;0px||0px||false|false&#8221; custom_padding=&#8221;0px||0px||false|false&#8221;][et_pb_column type=&#8221;3_5&#8243; _builder_version=&#8221;4.4.5&#8243;][et_pb_text _builder_version=&#8221;4.4.5&#8243; custom_margin=&#8221;0px||0px||false|false&#8221; custom_padding=&#8221;0px||0px||false|false&#8221;]<\/p>\n<p><span style=\"float: left;\"><img decoding=\"async\" loading=\"lazy\" style=\"max-width: 380px; margin-top: 30px;\" src=\"https:\/\/farmolab.es\/wp-content\/uploads\/2020\/05\/agencia-espa\u00f1ola-del-medicamento.png\" width=\"494\" height=\"94\" alt=\"\" class=\"wp-image-229 alignnone size-full\" srcset=\"https:\/\/farmolab.es\/wp-content\/uploads\/2020\/05\/agencia-espa\u00f1ola-del-medicamento.png 494w, https:\/\/farmolab.es\/wp-content\/uploads\/2020\/05\/agencia-espa\u00f1ola-del-medicamento-300x57.png 300w, https:\/\/farmolab.es\/wp-content\/uploads\/2020\/05\/agencia-espa\u00f1ola-del-medicamento-480x91.png 480w\" sizes=\"(max-width: 494px) 100vw, 494px\" \/><br \/>Authorized Manufacturer #: 6489E<br \/>Certificate N\u00ba: \/ Certificate N\u00ba: ES \/ 044HVI \/ 18<br \/>NCF Certificate of Compliance<br \/>Certificate of GMP Compliance of a Manufacturer<br \/>SGS Certificate of Conformity N\u00ba: ES17 \/ 21414<br \/><\/span><br \/> <img decoding=\"async\" loading=\"lazy\" src=\"https:\/\/farmolab.es\/wp-content\/uploads\/2020\/05\/gmp.png\" width=\"192\" height=\"192\" alt=\"\" class=\"wp-image-231 alignnone size-full\" style=\"float: right;\" srcset=\"https:\/\/farmolab.es\/wp-content\/uploads\/2020\/05\/gmp.png 192w, https:\/\/farmolab.es\/wp-content\/uploads\/2020\/05\/gmp-150x150.png 150w\" sizes=\"(max-width: 192px) 100vw, 192px\" \/><\/p>\n<p>[\/et_pb_text][\/et_pb_column][et_pb_column type=&#8221;2_5&#8243; _builder_version=&#8221;4.4.5&#8243;][et_pb_image src=&#8221;https:\/\/farmolab.es\/wp-content\/uploads\/2020\/05\/SGS.png&#8221; alt=&#8221;SGS&#8221; title_text=&#8221;SGS&#8221; _builder_version=&#8221;4.4.5&#8243; max_width=&#8221;290px&#8221; custom_margin=&#8221;10px||||false|false&#8221;][\/et_pb_image][\/et_pb_column][\/et_pb_row][\/et_pb_section][et_pb_section fb_built=&#8221;1&#8243; module_id=&#8221;mision&#8221; _builder_version=&#8221;4.4.5&#8243; use_background_color_gradient=&#8221;on&#8221; background_color_gradient_start=&#8221;#29aae1&#8243; background_color_gradient_end=&#8221;#ffffff&#8221; background_color_gradient_direction=&#8221;90deg&#8221; custom_margin=&#8221;0px||0px||false|false&#8221; custom_padding=&#8221;0px||0px||false|false&#8221;][et_pb_row _builder_version=&#8221;4.4.5&#8243; custom_margin=&#8221;0px||0px||false|false&#8221; custom_padding=&#8221;0px||0px||false|false&#8221;][et_pb_column type=&#8221;4_4&#8243; _builder_version=&#8221;4.4.5&#8243;][et_pb_cta title=&#8221;DISTRIBUTION&#8221; _builder_version=&#8221;4.9.4&#8243; header_font=&#8221;|||on|||||&#8221; header_font_size=&#8221;52px&#8221; body_font_size=&#8221;13px&#8221; background_color=&#8221;rgba(0,0,0,0)&#8221; text_orientation=&#8221;left&#8221; custom_margin=&#8221;||||false|false&#8221; custom_padding=&#8221;20px|0px|0px|0px|false|false&#8221; animation_style=&#8221;slide&#8221; animation_direction=&#8221;right&#8221; header_font_size_tablet=&#8221;&#8221; header_font_size_phone=&#8221;32px&#8221; header_font_size_last_edited=&#8221;on|phone&#8221;][\/et_pb_cta][\/et_pb_column][\/et_pb_row][\/et_pb_section][et_pb_section fb_built=&#8221;1&#8243; _builder_version=&#8221;4.4.5&#8243;][et_pb_row column_structure=&#8221;3_5,2_5&#8243; _builder_version=&#8221;4.4.5&#8243; custom_margin=&#8221;||||false|false&#8221; custom_padding=&#8221;||||false|false&#8221;][et_pb_column type=&#8221;3_5&#8243; _builder_version=&#8221;4.4.5&#8243;][et_pb_text _builder_version=&#8221;4.4.5&#8243; animation_style=&#8221;slide&#8221; animation_direction=&#8221;bottom&#8221;]<\/p>\n<p>We make sure all our premises, warehouses and the equipment used during the whole manufacture and storage chain meet the legislation on the correct conservation and storage of medical products.<\/p>\n<p>We distribute our products following the highest marketing standards, establishing for that purpose the measures required to guarantee que quality and integrity of the products we supply.<\/p>\n<p>We market our products through the main pharmaceutical wholesalers accross the country and our products are sold in pharmacies and parapharmacies.<\/p>\n<p>The products marketed by Farmolab S.L. meet all the European requirements to be marketed in the European Economic Community (EEC), and their components comply with the requirements established by the health authorities.<\/p>\n<p>Importer of Medical Products with Certificate no: 7349-PS\u00a0<br \/>Distributor of Medical Products with License no: CV-237-DIS\u00a0<br \/>Distributor of Human Nutraceutical Products with Registration no RGSEAA: 26.017954\/A\u00a0 \u00a0 \u00a0 \u00a0 \u00a0 Distributor of Animal Nutraceutical Products with Registration no ESP 03014025\u00a0 \u00a0 \u00a0 \u00a0 \u00a0 \u00a0 \u00a0 \u00a0 \u00a0 \u00a0 EUDAMED European Registration: ES-IM-000004305<\/p>\n<p>[\/et_pb_text][\/et_pb_column][et_pb_column type=&#8221;2_5&#8243; _builder_version=&#8221;4.4.5&#8243;][et_pb_image src=&#8221;https:\/\/farmolab.es\/wp-content\/uploads\/2020\/05\/distribuci\u00f3n.jpg&#8221; alt=&#8221;Mission &#8211; Farmolab&#8221; title_text=&#8221;distribution&#8221; _builder_version=&#8221;4.4.5&#8243; animation_style=&#8221;slide&#8221; animation_direction=&#8221;left&#8221; box_shadow_style=&#8221;preset2&#8243;][\/et_pb_image][\/et_pb_column][\/et_pb_row][et_pb_row column_structure=&#8221;1_4,1_4,1_4,1_4&#8243; _builder_version=&#8221;4.4.5&#8243; custom_margin=&#8221;||||false|false&#8221; custom_padding=&#8221;||||false|false&#8221;][et_pb_column type=&#8221;1_4&#8243; _builder_version=&#8221;4.4.5&#8243;][et_pb_image src=&#8221;https:\/\/farmolab.es\/wp-content\/uploads\/2020\/05\/efsa.png&#8221; title_text=&#8221;efsa&#8221; _builder_version=&#8221;4.4.5&#8243;][\/et_pb_image][\/et_pb_column][et_pb_column type=&#8221;1_4&#8243; _builder_version=&#8221;4.4.5&#8243;][et_pb_image src=&#8221;https:\/\/farmolab.es\/wp-content\/uploads\/2020\/05\/agencia-espa\u00f1ola-del-medicamento-2.png&#8221; title_text=&#8221;agencia-espa\u00f1ola-del-medicamento-2&#8243; _builder_version=&#8221;4.4.5&#8243;][\/et_pb_image][\/et_pb_column][et_pb_column type=&#8221;1_4&#8243; _builder_version=&#8221;4.4.5&#8243;][et_pb_image src=&#8221;https:\/\/farmolab.es\/wp-content\/uploads\/2020\/05\/agencia-espa\u00f1ola-de-seguridad-y-nutrici\u00f3n.png&#8221; title_text=&#8221;agencia-espa\u00f1ola-de-seguridad-y-nutrici\u00f3n&#8221; _builder_version=&#8221;4.4.5&#8243;][\/et_pb_image][\/et_pb_column][et_pb_column type=&#8221;1_4&#8243; _builder_version=&#8221;4.4.5&#8243;][et_pb_image src=&#8221;https:\/\/farmolab.es\/wp-content\/uploads\/2020\/05\/farmaceuticos.png&#8221; title_text=&#8221;pharmaceutics&#8221; _builder_version=&#8221;4.4.5&#8243;][\/et_pb_image][\/et_pb_column][\/et_pb_row][\/et_pb_section]<\/p>\n","protected":false},"excerpt":{"rendered":"<p>RESEARCH AND DEVELOPMENTAll our products are the result of the agreement between research professionals and we join the needs of patients our medical, nutraceutical and health care products can offer an advantage for in comparison with conventional treatments. We opt for a more natural and safer form of treatment, which is the reason why we [&hellip;]<\/p>\n","protected":false},"author":1,"featured_media":0,"parent":0,"menu_order":0,"comment_status":"closed","ping_status":"closed","template":"","meta":{"_et_pb_use_builder":"on","_et_pb_old_content":"","_et_gb_content_width":""},"yoast_head":"<!-- This site is optimized with the Yoast SEO plugin v21.8.1 - https:\/\/yoast.com\/wordpress\/plugins\/seo\/ -->\n<title>R&amp;D - Farmolab<\/title>\n<meta name=\"robots\" content=\"index, follow, max-snippet:-1, max-image-preview:large, max-video-preview:-1\" \/>\n<link rel=\"canonical\" href=\"https:\/\/farmolab.es\/en\/rd\/\" \/>\n<meta property=\"og:locale\" content=\"en_US\" \/>\n<meta property=\"og:type\" content=\"article\" \/>\n<meta property=\"og:title\" content=\"R&amp;D - Farmolab\" \/>\n<meta property=\"og:description\" content=\"RESEARCH AND DEVELOPMENTAll our products are the result of the agreement between research professionals and we join the needs of patients our medical, nutraceutical and health care products can offer an advantage for in comparison with conventional treatments. We opt for a more natural and safer form of treatment, which is the reason why we [&hellip;]\" \/>\n<meta property=\"og:url\" content=\"https:\/\/farmolab.es\/en\/rd\/\" \/>\n<meta property=\"og:site_name\" content=\"Farmolab\" \/>\n<meta property=\"article:modified_time\" content=\"2021-05-13T09:21:36+00:00\" \/>\n<meta property=\"og:image\" content=\"https:\/\/farmolab.es\/wp-content\/uploads\/2020\/05\/agencia-espa\u00f1ola-del-medicamento.png\" \/>\n<meta name=\"twitter:card\" content=\"summary_large_image\" \/>\n<meta name=\"twitter:label1\" content=\"Est. reading time\" \/>\n\t<meta name=\"twitter:data1\" content=\"7 minutes\" \/>\n<script type=\"application\/ld+json\" class=\"yoast-schema-graph\">{\"@context\":\"https:\/\/schema.org\",\"@graph\":[{\"@type\":\"WebPage\",\"@id\":\"https:\/\/farmolab.es\/en\/rd\/\",\"url\":\"https:\/\/farmolab.es\/en\/rd\/\",\"name\":\"R&D - Farmolab\",\"isPartOf\":{\"@id\":\"https:\/\/farmolab.es\/#website\"},\"datePublished\":\"2020-05-25T15:41:50+00:00\",\"dateModified\":\"2021-05-13T09:21:36+00:00\",\"breadcrumb\":{\"@id\":\"https:\/\/farmolab.es\/en\/rd\/#breadcrumb\"},\"inLanguage\":\"en-US\",\"potentialAction\":[{\"@type\":\"ReadAction\",\"target\":[\"https:\/\/farmolab.es\/en\/rd\/\"]}]},{\"@type\":\"BreadcrumbList\",\"@id\":\"https:\/\/farmolab.es\/en\/rd\/#breadcrumb\",\"itemListElement\":[{\"@type\":\"ListItem\",\"position\":1,\"name\":\"Portada\",\"item\":\"https:\/\/farmolab.es\/en\/\"},{\"@type\":\"ListItem\",\"position\":2,\"name\":\"R&#038;D\"}]},{\"@type\":\"WebSite\",\"@id\":\"https:\/\/farmolab.es\/#website\",\"url\":\"https:\/\/farmolab.es\/\",\"name\":\"Farmolab\",\"description\":\"Cuidamos de tu salud\",\"potentialAction\":[{\"@type\":\"SearchAction\",\"target\":{\"@type\":\"EntryPoint\",\"urlTemplate\":\"https:\/\/farmolab.es\/?s={search_term_string}\"},\"query-input\":\"required name=search_term_string\"}],\"inLanguage\":\"en-US\"}]}<\/script>\n<!-- \/ Yoast SEO plugin. -->","yoast_head_json":{"title":"R&D - Farmolab","robots":{"index":"index","follow":"follow","max-snippet":"max-snippet:-1","max-image-preview":"max-image-preview:large","max-video-preview":"max-video-preview:-1"},"canonical":"https:\/\/farmolab.es\/en\/rd\/","og_locale":"en_US","og_type":"article","og_title":"R&D - Farmolab","og_description":"RESEARCH AND DEVELOPMENTAll our products are the result of the agreement between research professionals and we join the needs of patients our medical, nutraceutical and health care products can offer an advantage for in comparison with conventional treatments. We opt for a more natural and safer form of treatment, which is the reason why we [&hellip;]","og_url":"https:\/\/farmolab.es\/en\/rd\/","og_site_name":"Farmolab","article_modified_time":"2021-05-13T09:21:36+00:00","og_image":[{"url":"https:\/\/farmolab.es\/wp-content\/uploads\/2020\/05\/agencia-espa\u00f1ola-del-medicamento.png"}],"twitter_card":"summary_large_image","twitter_misc":{"Est. reading time":"7 minutes"},"schema":{"@context":"https:\/\/schema.org","@graph":[{"@type":"WebPage","@id":"https:\/\/farmolab.es\/en\/rd\/","url":"https:\/\/farmolab.es\/en\/rd\/","name":"R&D - Farmolab","isPartOf":{"@id":"https:\/\/farmolab.es\/#website"},"datePublished":"2020-05-25T15:41:50+00:00","dateModified":"2021-05-13T09:21:36+00:00","breadcrumb":{"@id":"https:\/\/farmolab.es\/en\/rd\/#breadcrumb"},"inLanguage":"en-US","potentialAction":[{"@type":"ReadAction","target":["https:\/\/farmolab.es\/en\/rd\/"]}]},{"@type":"BreadcrumbList","@id":"https:\/\/farmolab.es\/en\/rd\/#breadcrumb","itemListElement":[{"@type":"ListItem","position":1,"name":"Portada","item":"https:\/\/farmolab.es\/en\/"},{"@type":"ListItem","position":2,"name":"R&#038;D"}]},{"@type":"WebSite","@id":"https:\/\/farmolab.es\/#website","url":"https:\/\/farmolab.es\/","name":"Farmolab","description":"Cuidamos de tu salud","potentialAction":[{"@type":"SearchAction","target":{"@type":"EntryPoint","urlTemplate":"https:\/\/farmolab.es\/?s={search_term_string}"},"query-input":"required name=search_term_string"}],"inLanguage":"en-US"}]}},"_links":{"self":[{"href":"https:\/\/farmolab.es\/en\/wp-json\/wp\/v2\/pages\/622"}],"collection":[{"href":"https:\/\/farmolab.es\/en\/wp-json\/wp\/v2\/pages"}],"about":[{"href":"https:\/\/farmolab.es\/en\/wp-json\/wp\/v2\/types\/page"}],"author":[{"embeddable":true,"href":"https:\/\/farmolab.es\/en\/wp-json\/wp\/v2\/users\/1"}],"replies":[{"embeddable":true,"href":"https:\/\/farmolab.es\/en\/wp-json\/wp\/v2\/comments?post=622"}],"version-history":[{"count":9,"href":"https:\/\/farmolab.es\/en\/wp-json\/wp\/v2\/pages\/622\/revisions"}],"predecessor-version":[{"id":2556,"href":"https:\/\/farmolab.es\/en\/wp-json\/wp\/v2\/pages\/622\/revisions\/2556"}],"wp:attachment":[{"href":"https:\/\/farmolab.es\/en\/wp-json\/wp\/v2\/media?parent=622"}],"curies":[{"name":"wp","href":"https:\/\/api.w.org\/{rel}","templated":true}]}}