{"id":3893,"date":"2026-01-20T09:21:05","date_gmt":"2026-01-20T09:21:05","guid":{"rendered":"https:\/\/farmolab.es\/cookies-policy\/"},"modified":"2026-01-20T09:21:21","modified_gmt":"2026-01-20T09:21:21","slug":"cookies-policy","status":"publish","type":"page","link":"https:\/\/farmolab.es\/en\/cookies-policy\/","title":{"rendered":"Cookies Policy"},"content":{"rendered":"<p>[et_pb_section fb_built=&#8221;1&#8243; _builder_version=&#8221;4.16&#8243; global_colors_info=&#8221;{}&#8221;][et_pb_row _builder_version=&#8221;4.16&#8243; hover_enabled=&#8221;0&#8243; global_colors_info=&#8221;{}&#8221; sticky_enabled=&#8221;0&#8243; custom_padding=&#8221;29px|||||&#8221;][et_pb_column type=&#8221;4_4&#8243; _builder_version=&#8221;4.16&#8243; global_colors_info=&#8221;{}&#8221;][et_pb_text _builder_version=&#8221;4.27.4&#8243; hover_enabled=&#8221;0&#8243; global_colors_info=&#8221;{}&#8221; custom_padding=&#8221;||0px|||&#8221; sticky_enabled=&#8221;0&#8243;]<\/p>\n<h1>Pol\u00edtica de cookies<\/h1>\n<p><\/p>\n<h3><strong>INTRODUCCI\u00d3N A LA POL\u00cdTICA DE COOKIES:<\/strong><\/h3>\n<p><\/p>\n<p>En cumplimiento de lo establecido en el Reglamento (UE) 2016\/679 (RGPD), en la Ley Org\u00e1nica 3\/2018, de Protecci\u00f3n de Datos Personales y garant\u00eda de los derechos digitales (LOPDGDD), y en la Ley 34\/2002, de Servicios de la Sociedad de la Informaci\u00f3n y de Comercio Electr\u00f3nico (LSSI-CE), modificada por la Ley 11\/2023, se informa a los usuarios que la p\u00e1gina web https:\/\/farmolab.es\/\u00a0utiliza cookies propias y de terceros con fines t\u00e9cnicos, anal\u00edticos y publicitarios.<\/p>\n<p><\/p>\n<h3><strong>INFORMACI\u00d3N GENERAL SOBRE COOKIES<\/strong><\/h3>\n<p><\/p>\n<p>Una cookie es un peque\u00f1o archivo de texto que se almacena en su navegador cuando usted visita una p\u00e1gina web. Se utiliza principalmente para recordar su visita y\/o su configuraci\u00f3n para cuando vuelva a navegar por esa misma p\u00e1gina.<\/p>\n<p><\/p>\n<p>Las cookies tambi\u00e9n permiten a dicha web, entre otras cosas, almacenar y recuperar informaci\u00f3n sobre las decisiones y h\u00e1bitos del usuario. En https:\/\/farmolab.es\/\u00a0las utilizamos para personalizar la experiencia dentro de la web, identificar, recordar al usuario registrado, disponer de estad\u00edsticas y facilitar la navegaci\u00f3n.<\/p>\n<p><\/p>\n<p>Es importante destacar que el uso de cookies\u00a0NO proporciona datos personales del usuario, que siempre permanece an\u00f3nimo.<\/p>\n<p><\/p>\n<p>El usuario puede configurar su navegador para no aceptar el uso de cookies, en cuyo caso la personalizaci\u00f3n de la experiencia no se aplicar\u00eda, aunque este hecho puede provocar una navegaci\u00f3n y experiencia de usuario deficiente.<\/p>\n<p><\/p>\n<p>El tipo de informaci\u00f3n que se almacena es muy diverso: preferencias personales, informaci\u00f3n t\u00e9cnica, estad\u00edsticas de uso y configuraci\u00f3n, entre otros. Por ello el uso de cookies incide notablemente en la experiencia del usuario haci\u00e9ndola m\u00e1s \u00e1gil y c\u00f3moda, no obstante siempre puede realizar ajustes en su navegador para no permitir su instalaci\u00f3n en su equipo.<\/p>\n<p><\/p>\n<h3><strong>UTILIZACI\u00d3N DE COOKIES:<\/strong><\/h3>\n<p><\/p>\n<p>La presente p\u00e1gina web https:\/\/farmolab.es\/ es propiedad de Farmolab, S.L. En ella utilizamos cookies propias y de terceros para mejorar su experiencia de navegaci\u00f3n, as\u00ed como para realizar tareas de an\u00e1lisis.<\/p>\n<p><\/p>\n<p>El hecho de registrarse en nuestra p\u00e1gina web o simplemente navegar por ella implica la aceptaci\u00f3n sin reservas de nuestra pol\u00edtica de cookies, lo que implica su instalaci\u00f3n en tu computadora.<\/p>\n<p><\/p>\n<h3><strong>TIPOS DE COOKIES QUE UTILIZAMOS<\/strong><\/h3>\n<p><\/p>\n<p>Las cookies, en funci\u00f3n de su permanencia, pueden dividirse en cookies de sesi\u00f3n o permanentes. Las primeras expiran cuando el usuario cierra el navegador. Las segundas expiran en funci\u00f3n cuando se cumpla el objetivo para el que sirven (por ejemplo, para que el usuario se mantenga identificado en la web) o bien cuando se borran manualmente.<\/p>\n<p><\/p>\n<p>Adicionalmente, en funci\u00f3n de su objetivo, las cookies pueden clasificarse de la siguiente forma:<\/p>\n<p><\/p>\n<p>Cookies de rendimiento: este tipo de cookie recuerda sus preferencias para las herramientas que se encuentran en los servicios, por lo que no tiene que volver a configurar el servicio cada vez que usted nos visita. A modo de ejemplo, en esta tipolog\u00eda se incluyen:<\/p>\n<p><\/p>\n<ul>\n<li>Ajustes de volumen de reproductores de v\u00eddeo o sonido.<\/li>\n<li>Las velocidades de transmisi\u00f3n de v\u00eddeo que sean compatibles con su navegador.<\/li>\n<\/ul>\n<p><\/p>\n<p>Cookies de geolocalizaci\u00f3n: estas cookies son utilizadas para averiguar en qu\u00e9 pa\u00eds o \u00e1rea geogr\u00e1fica se encuentra cuando se solicita una web o servicio. Esta cookie es totalmente an\u00f3nima, y s\u00f3lo se utiliza para ayudar a orientar el contenido a su ubicaci\u00f3n.<\/p>\n<p><\/p>\n<p>Cookies de registro: las cookies de registro se generan una vez que el usuario se ha registrado o posteriormente ha abierto su sesi\u00f3n, y se utilizan para identificarle en las web y servicios con los siguientes objetivos:<\/p>\n<p><\/p>\n<ul>\n<li>Mantener al usuario identificado de forma que, si cierra un servicio o web, el navegador o el ordenador y en otro momento u otro d\u00eda vuelve a entrar en dicho servicio o web, seguir\u00e1 identificado, facilitando as\u00ed su navegaci\u00f3n sin tener que volver a identificarse. Esta funcionalidad se puede suprimir si el usuario pulsa la funcionalidad \u201cSalir\u201d, de forma que esta cookie se elimina y la pr\u00f3xima vez que entre en la web el usuario tendr\u00e1 que iniciar sesi\u00f3n para estar identificado.<\/li>\n<li>Comprobar si el usuario est\u00e1 autorizado para acceder a ciertos servicios, por ejemplo, para participar en un concurso.<\/li>\n<li>Adicionalmente, algunos servicios pueden utilizar conectores de terceros tales como Facebook, Twitter, Linkedin o Google. Cuando el usuario se registra en un servicio con credenciales de una red social o sistema de identificaci\u00f3n de terceros, autoriza al mismo a guardar una cookie persistente que recuerda su identidad y le garantiza acceso a la web hasta que expira. El usuario puede borrar esta cookie y revocar el acceso a la web mediante redes sociales o sistema de identificaci\u00f3n de terceros actualizando sus preferencias en la red social que espec\u00edfica.<\/li>\n<\/ul>\n<p><\/p>\n<p>Cookies de anal\u00edtica: Cada vez que un usuario visita una web o servicio, una herramienta de un proveedor externo (Google Analytics, comScore y similares) genera una cookie anal\u00edtica en el dispositivo del usuario. Esta cookie que s\u00f3lo se genera en la visita, servir\u00e1 en pr\u00f3ximas visitas a los servicios de https:\/\/farmolab.es\/\u00a0para identificar de forma an\u00f3nima al visitante. Los objetivos principales que se persiguen son:<\/p>\n<p><\/p>\n<ul>\n<li>Permitir la identificaci\u00f3n an\u00f3nima de los usuarios navegantes a trav\u00e9s de la \u201ccookie\u201d (identifica navegadores y dispositivos, no personas) y por lo tanto la contabilizaci\u00f3n aproximada del n\u00famero de visitantes y su tendencia en el tiempo.<\/li>\n<li>Identificar de forma an\u00f3nima los contenidos m\u00e1s visitados y por lo tanto m\u00e1s atractivos para los usuarios<\/li>\n<li>Saber si el usuario que est\u00e1 accediendo es nuevo o repite visita.<\/li>\n<\/ul>\n<p><\/p>\n<p>Importante: Salvo que el usuario decida registrarse, la cookie nunca ir\u00e1 asociada a ning\u00fan dato de car\u00e1cter personal que pueda identificarle. Dichas cookies s\u00f3lo ser\u00e1n utilizadas con prop\u00f3sitos estad\u00edsticos que ayuden a la optimizaci\u00f3n de la experiencia de los usuarios en el sitio, as\u00ed como a la mejora del mismo.<\/p>\n<p><\/p>\n<h3><strong>NUESTRA POL\u00cdTICA DE COOKIES:<\/strong><\/h3>\n<p><\/p>\n<p>Puesto que peri\u00f3dicamente vamos ajustando nuestra pol\u00edtica de cookies, le proponemos acceder regularmente a este enlace donde encontrar\u00e1 las actualizaciones que vayamos incorporando.<\/p>\n<p><\/p>\n<p>Nuestra pol\u00edtica de cookies comprende tanto el dominio https:\/\/farmolab.es\/, como otros dominios y subdominios titularidad de Farmolab, S.L., donde se ofrecen servicios similares o complementarios a los de esta p\u00e1gina web.<\/p>\n<p><\/p>\n<h3><strong>ACEPTACI\u00d3N, CONFIGURACI\u00d3N O RECHAZO DE COOKIES:<\/strong><\/h3>\n<p><\/p>\n<p>En todo momento, como usuario, tendr\u00e1 la posibilidad de aceptar, configurar o rechazar la instalaci\u00f3n de cookies en el navegador de su equipo, bien de forma permanente o \u00fanicamente tras haber navegado por una determinada p\u00e1gina.<\/p>\n<p><\/p>\n<p>La mayor\u00eda de navegadores, actualmente, permiten al usuario configurar si desean aceptar cookies y cu\u00e1les de ellas. Estos ajustes normalmente se encuentra en las \u2018opciones\u2019 o \u2018Preferencias\u2019 del men\u00fa de su navegador.<\/p>\n<p><\/p>\n<p>Adem\u00e1s, podr\u00e1 utilizar su navegador web en modo \u00abnavegaci\u00f3n privada\u00bb lo que har\u00e1 que deje de almacenar datos, contrase\u00f1as, historiales y h\u00e1bitos de navegaci\u00f3n, para todo ellos le sugerimos que visites los siguientes v\u00ednculos:<\/p>\n<p><\/p>\n<ul>\n<li>Internet Explorer:\u00a0<a href=\"http:\/\/windows.microsoft.com\/es-ES\/windows-vista\/Block-or-allow-cookies\" target=\"_blank\" rel=\"nofollow noopener\">http:\/\/windows.microsoft.com\/es-ES\/windows-vista\/Block-or-allow-cookies<\/a><\/li>\n<li>Google Chrome:\u00a0<a href=\"https:\/\/support.google.com\/chrome\/answer\/95647?hl=es\" target=\"_blank\" rel=\"nofollow noopener\">https:\/\/support.google.com\/chrome\/answer\/95647?hl=es<\/a><\/li>\n<li>Firefox:\u00a0<a href=\"http:\/\/support.mozilla.org\/es\/kb\/habilitar-y-deshabilitar-cookies-que-los-sitios-we\" target=\"_blank\" rel=\"nofollow noopener\">http:\/\/support.mozilla.org\/es\/kb\/habilitar-y-deshabilitar-cookies-que-los-sitios-we<\/a><\/li>\n<li>Safari:<a href=\"http:\/\/support.apple.com\/kb\/HT1677?viewlocale=es_ES\" target=\"_blank\" rel=\"nofollow noopener\">\u00a0http:\/\/support.apple.com\/kb\/HT1677?viewlocale=es_ES<\/a><\/li>\n<\/ul>\n<p><\/p>\n<p>Antes de realizar los ajustes que considere oportunos debe de tener en cuenta que dicha configuraci\u00f3n puede afectar a las diferentes funcionalidades de esta p\u00e1gina web.<\/p>\n<p><\/p>\n<h3><strong>RELACI\u00d3N Y ASPECTOS T\u00c9CNICOS DE LAS COOKIES:<\/strong><\/h3>\n<p><\/p>\n<p>Siguiendo las directrices marcadas por la ley actual, a continuaci\u00f3n procedemos a detallar el uso de cookies que hace esta p\u00e1gina web con la finalidad de informarle con la m\u00e1ximo rigor y detalle posible.<\/p>\n<p><\/p>\n<ul>\n<li>Cookies propias: Cookies de sesi\u00f3n, para permitir continuar registrado durante un determinado tiempo, obtener una mejor experiencia de navegaci\u00f3n, combatir el SPAM e intentar garantizar que los usuarios sean humanos y no c\u00f3digo automatizado.<\/li>\n<li>Cookies de terceros: Google Analytics, es una herramienta de Google que permite elaborar estad\u00edsticas sobre el tr\u00e1fico, volumen de visitas, idioma, frecuencia de las visitas, tipo de terminal desde el que te conectas, direcci\u00f3n IP y otros datos estad\u00edsticos.<\/li>\n<\/ul>\n<p><\/p>\n<p>Utilizando esta p\u00e1gina web est\u00e1 autorizando a Google el tratamiento de la informaci\u00f3n recabada por esta compa\u00f1\u00eda, por lo tanto, ante cualquier incidencia o consulta debe dirigirte directamente a Google.<\/p>\n<p><\/p>\n<p>No obstante, esta herramienta NO tiene acceso a sus datos personales, como tu nombre o apellidos, ni tampoco sobre la direcci\u00f3n f\u00edsica desde donde usted se conecta.<\/p>\n<p><\/p>\n<p>Informar que\u00a0cada una de las redes sociales presentes en esta p\u00e1gina web, tales como Facebook, Twitter, Google+, Linkedin, YouTube, etc\u2026 utilizan sus propias cookies con el fin de permitir compartir contenido, indicar \u00abMe gusta\u00bb en una determinada publicaci\u00f3n o posibilitar otras acciones consideradas \u00fatiles para los usuarios.<\/p>\n<p><\/p>\n<h3><strong>RESPONSABILIDADES:<\/strong><\/h3>\n<p><\/p>\n<p>Ni esta p\u00e1gina web, ni sus representantes legales se hacen responsables de la veracidad de la informaci\u00f3n aportada por terceros en cuanto a sus propias pol\u00edticas de privacidad y\/ cookies.<\/p>\n<p><\/p>\n<p>Ante cualquier consulta o aclaraci\u00f3n acerca de nuestra pol\u00edtica de cookies, por favor, p\u00f3ngase en contacto con nosotros a trav\u00e9s de nuestro formulario de contacto o bien v\u00eda tel\u00e9fono o el email presente en dicha secci\u00f3n, estaremos encantados de aclararle cualquier duda al respecto.<\/p>\n<p>[\/et_pb_text][\/et_pb_column][\/et_pb_row][\/et_pb_section]<\/p>\n","protected":false},"excerpt":{"rendered":"<p>Pol\u00edtica de cookiesINTRODUCCI\u00d3N A LA POL\u00cdTICA DE COOKIES:En cumplimiento de lo establecido en el Reglamento (UE) 2016\/679 (RGPD), en la Ley Org\u00e1nica 3\/2018, de Protecci\u00f3n de Datos Personales y garant\u00eda de los derechos digitales (LOPDGDD), y en la Ley 34\/2002, de Servicios de la Sociedad de la Informaci\u00f3n y de Comercio Electr\u00f3nico (LSSI-CE), modificada por [&hellip;]<\/p>\n","protected":false},"author":1,"featured_media":0,"parent":0,"menu_order":0,"comment_status":"closed","ping_status":"closed","template":"","meta":{"_et_pb_use_builder":"on","_et_pb_old_content":"","_et_gb_content_width":""},"yoast_head":"<!-- This site is optimized with the Yoast SEO plugin v21.8.1 - https:\/\/yoast.com\/wordpress\/plugins\/seo\/ -->\n<title>Cookies Policy - Farmolab<\/title>\n<meta name=\"robots\" content=\"noindex, nofollow\" \/>\n<meta property=\"og:locale\" content=\"en_US\" \/>\n<meta property=\"og:type\" content=\"article\" \/>\n<meta property=\"og:title\" content=\"Cookies Policy - Farmolab\" \/>\n<meta property=\"og:description\" content=\"Pol\u00edtica de cookiesINTRODUCCI\u00d3N A LA POL\u00cdTICA DE COOKIES:En cumplimiento de lo establecido en el Reglamento (UE) 2016\/679 (RGPD), en la Ley Org\u00e1nica 3\/2018, de Protecci\u00f3n de Datos Personales y garant\u00eda de los derechos digitales (LOPDGDD), y en la Ley 34\/2002, de Servicios de la Sociedad de la Informaci\u00f3n y de Comercio Electr\u00f3nico (LSSI-CE), modificada por [&hellip;]\" \/>\n<meta property=\"og:url\" content=\"https:\/\/farmolab.es\/politica-de-cookies\/\" \/>\n<meta property=\"og:site_name\" content=\"Farmolab\" \/>\n<meta property=\"article:modified_time\" content=\"2026-01-20T09:21:21+00:00\" \/>\n<meta name=\"twitter:card\" content=\"summary_large_image\" \/>\n<meta name=\"twitter:label1\" content=\"Est. reading time\" \/>\n\t<meta name=\"twitter:data1\" content=\"8 minutes\" \/>\n<script type=\"application\/ld+json\" class=\"yoast-schema-graph\">{\"@context\":\"https:\/\/schema.org\",\"@graph\":[{\"@type\":\"WebPage\",\"@id\":\"https:\/\/farmolab.es\/politica-de-cookies\/\",\"url\":\"https:\/\/farmolab.es\/politica-de-cookies\/\",\"name\":\"Cookies Policy - Farmolab\",\"isPartOf\":{\"@id\":\"https:\/\/farmolab.es\/#website\"},\"datePublished\":\"2026-01-20T09:21:05+00:00\",\"dateModified\":\"2026-01-20T09:21:21+00:00\",\"breadcrumb\":{\"@id\":\"https:\/\/farmolab.es\/politica-de-cookies\/#breadcrumb\"},\"inLanguage\":\"en-US\",\"potentialAction\":[{\"@type\":\"ReadAction\",\"target\":[\"https:\/\/farmolab.es\/politica-de-cookies\/\"]}]},{\"@type\":\"BreadcrumbList\",\"@id\":\"https:\/\/farmolab.es\/politica-de-cookies\/#breadcrumb\",\"itemListElement\":[{\"@type\":\"ListItem\",\"position\":1,\"name\":\"Portada\",\"item\":\"https:\/\/farmolab.es\/en\/\"},{\"@type\":\"ListItem\",\"position\":2,\"name\":\"Cookies Policy\"}]},{\"@type\":\"WebSite\",\"@id\":\"https:\/\/farmolab.es\/#website\",\"url\":\"https:\/\/farmolab.es\/\",\"name\":\"Farmolab\",\"description\":\"Cuidamos de tu salud\",\"potentialAction\":[{\"@type\":\"SearchAction\",\"target\":{\"@type\":\"EntryPoint\",\"urlTemplate\":\"https:\/\/farmolab.es\/?s={search_term_string}\"},\"query-input\":\"required name=search_term_string\"}],\"inLanguage\":\"en-US\"}]}<\/script>\n<!-- \/ Yoast SEO plugin. -->","yoast_head_json":{"title":"Cookies Policy - Farmolab","robots":{"index":"noindex","follow":"nofollow"},"og_locale":"en_US","og_type":"article","og_title":"Cookies Policy - Farmolab","og_description":"Pol\u00edtica de cookiesINTRODUCCI\u00d3N A LA POL\u00cdTICA DE COOKIES:En cumplimiento de lo establecido en el Reglamento (UE) 2016\/679 (RGPD), en la Ley Org\u00e1nica 3\/2018, de Protecci\u00f3n de Datos Personales y garant\u00eda de los derechos digitales (LOPDGDD), y en la Ley 34\/2002, de Servicios de la Sociedad de la Informaci\u00f3n y de Comercio Electr\u00f3nico (LSSI-CE), modificada por [&hellip;]","og_url":"https:\/\/farmolab.es\/politica-de-cookies\/","og_site_name":"Farmolab","article_modified_time":"2026-01-20T09:21:21+00:00","twitter_card":"summary_large_image","twitter_misc":{"Est. reading time":"8 minutes"},"schema":{"@context":"https:\/\/schema.org","@graph":[{"@type":"WebPage","@id":"https:\/\/farmolab.es\/politica-de-cookies\/","url":"https:\/\/farmolab.es\/politica-de-cookies\/","name":"Cookies Policy - Farmolab","isPartOf":{"@id":"https:\/\/farmolab.es\/#website"},"datePublished":"2026-01-20T09:21:05+00:00","dateModified":"2026-01-20T09:21:21+00:00","breadcrumb":{"@id":"https:\/\/farmolab.es\/politica-de-cookies\/#breadcrumb"},"inLanguage":"en-US","potentialAction":[{"@type":"ReadAction","target":["https:\/\/farmolab.es\/politica-de-cookies\/"]}]},{"@type":"BreadcrumbList","@id":"https:\/\/farmolab.es\/politica-de-cookies\/#breadcrumb","itemListElement":[{"@type":"ListItem","position":1,"name":"Portada","item":"https:\/\/farmolab.es\/en\/"},{"@type":"ListItem","position":2,"name":"Cookies Policy"}]},{"@type":"WebSite","@id":"https:\/\/farmolab.es\/#website","url":"https:\/\/farmolab.es\/","name":"Farmolab","description":"Cuidamos de tu salud","potentialAction":[{"@type":"SearchAction","target":{"@type":"EntryPoint","urlTemplate":"https:\/\/farmolab.es\/?s={search_term_string}"},"query-input":"required name=search_term_string"}],"inLanguage":"en-US"}]}},"_links":{"self":[{"href":"https:\/\/farmolab.es\/en\/wp-json\/wp\/v2\/pages\/3893"}],"collection":[{"href":"https:\/\/farmolab.es\/en\/wp-json\/wp\/v2\/pages"}],"about":[{"href":"https:\/\/farmolab.es\/en\/wp-json\/wp\/v2\/types\/page"}],"author":[{"embeddable":true,"href":"https:\/\/farmolab.es\/en\/wp-json\/wp\/v2\/users\/1"}],"replies":[{"embeddable":true,"href":"https:\/\/farmolab.es\/en\/wp-json\/wp\/v2\/comments?post=3893"}],"version-history":[{"count":5,"href":"https:\/\/farmolab.es\/en\/wp-json\/wp\/v2\/pages\/3893\/revisions"}],"predecessor-version":[{"id":3898,"href":"https:\/\/farmolab.es\/en\/wp-json\/wp\/v2\/pages\/3893\/revisions\/3898"}],"wp:attachment":[{"href":"https:\/\/farmolab.es\/en\/wp-json\/wp\/v2\/media?parent=3893"}],"curies":[{"name":"wp","href":"https:\/\/api.w.org\/{rel}","templated":true}]}}